{"id":3122,"date":"2025-07-22T10:12:15","date_gmt":"2025-07-22T10:12:15","guid":{"rendered":"https:\/\/trelba.es\/?page_id=3122"},"modified":"2025-12-05T09:51:00","modified_gmt":"2025-12-05T09:51:00","slug":"inicio","status":"publish","type":"page","link":"https:\/\/trelba.es\/ca\/","title":{"rendered":"Inici"},"content":{"rendered":"[et_pb_section fb_built=\u00bb1&#8243; _builder_version=\u00bb4.27.4&#8243; _module_preset=\u00bbdefault\u00bb background_blend=\u00bblighten\u00bb hover_enabled=\u00bb0&#8243; global_colors_info=\u00bb{}\u00bb title_text=\u00bbPl\u00e0nol planta interior\u00bb background_image=\u00bbhttps:\/\/trelba.es\/wp-content\/uploads\/2025\/11\/Planol-planta-interior.png\u00bb sticky_enabled=\u00bb0&#8243; background_color=\u00bbrgba(255,255,255,0.75)\u00bb][et_pb_row _builder_version=\u00bb4.27.4&#8243; _module_preset=\u00bbdefault\u00bb][et_pb_column _builder_version=\u00bb4.27.4&#8243; _module_preset=\u00bbdefault\u00bb type=\u00bb4_4&#8243;][et_pb_text _builder_version=\u00bb4.27.4&#8243; _module_preset=\u00bbdefault\u00bb text_font_size=\u00bb41px\u00bb text_line_height=\u00bb1em\u00bb text_orientation=\u00bbcenter\u00bb hover_enabled=\u00bb0&#8243; sticky_enabled=\u00bb0&#8243; text_text_color=\u00bb#000000&#8243;]<p>Tr\u00e0mits d\u2019instal\u00b7lacions el\u00e8ctriques i fotovoltaiques<\/p>[\/et_pb_text][et_pb_text _builder_version=\u00bb4.27.4&#8243; _module_preset=\u00bbdefault\u00bb text_font_size=\u00bb20px\u00bb hover_enabled=\u00bb0&#8243; sticky_enabled=\u00bb0&#8243; text_letter_spacing=\u00bb1px\u00bb text_text_color=\u00bb#000000&#8243;]<p style=\"text-align: justify;\">Ens ocupam de <strong data-start=\"603\" data-end=\"643\">tota la documentaci\u00f3 i els tr\u00e0mits<\/strong> per donar d\u2019alta, modificar o legalitzar la teva instal\u00b7laci\u00f3 davant la Conselleria i la distribu\u00efdora.<\/p>[\/et_pb_text][\/et_pb_column][\/et_pb_row][\/et_pb_section][et_pb_section fb_built=\u00bb1&#8243; admin_label=\u00bbHeader\u00bb _builder_version=\u00bb4.27.4&#8243; _module_preset=\u00bbdefault\u00bb background_color=\u00bb#f2f0eb\u00bb use_background_color_gradient=\u00bbon\u00bb background_color_gradient_stops=\u00bb#f2f0eb 0%|rgba(242,240,235,0) 100%\u00bb background_color_gradient_overlays_image=\u00bbon\u00bb background_enable_image=\u00bboff\u00bb parallax=\u00bbon\u00bb min_height=\u00bb590.6px\u00bb custom_padding=\u00bb0vw||0vw||false|false\u00bb border_radii=\u00bboff|||3vw|3vw\u00bb collapsed=\u00bbon\u00bb global_colors_info=\u00bb{}\u00bb][et_pb_row _builder_version=\u00bb4.27.4&#8243; _module_preset=\u00bbdefault\u00bb width=\u00bb100%\u00bb max_width=\u00bb1400px\u00bb module_alignment=\u00bbcenter\u00bb global_colors_info=\u00bb{}\u00bb][et_pb_column type=\u00bb4_4&#8243; _builder_version=\u00bb4.22.0&#8243; _module_preset=\u00bbdefault\u00bb global_colors_info=\u00bb{}\u00bb][et_pb_text _builder_version=\u00bb4.24.0&#8243; _module_preset=\u00bbf1696424-20db-42c6-993f-f634a9e7f328&#8243; max_width=\u00bb1440px\u00bb custom_margin=\u00bb||9px||false|false\u00bb global_colors_info=\u00bb{}\u00bb]<h1 style=\"text-align: center;\"><\/h1>\n<p>&nbsp;<\/p>[\/et_pb_text][et_pb_text _builder_version=\u00bb4.27.4&#8243; _module_preset=\u00bbac0f9e84-671a-4750-8315-45ffbd47fb0f\u00bb text_text_color=\u00bb#000000&#8243; text_font_size=\u00bb33px\u00bb text_orientation=\u00bbcenter\u00bb max_width=\u00bb1440px\u00bb custom_margin=\u00bb||-14px|||\u00bb custom_padding=\u00bb||36px|||\u00bb global_colors_info=\u00bb{}\u00bb]<p>Quin tr\u00e0mit vols realitzar?<\/p>[\/et_pb_text][\/et_pb_column][\/et_pb_row][et_pb_row column_structure=\u00bb1_2,1_2&#8243; _builder_version=\u00bb4.27.4&#8243; _module_preset=\u00bbdefault\u00bb global_colors_info=\u00bb{}\u00bb][et_pb_column type=\u00bb1_2&#8243; _builder_version=\u00bb4.27.4&#8243; _module_preset=\u00bbdefault\u00bb global_colors_info=\u00bb{}\u00bb][et_pb_code _builder_version=\u00bb4.27.4&#8243; _module_preset=\u00bbdefault\u00bb global_colors_info=\u00bb{}\u00bb] <a class=\"cta-card cta-blue\" href=\"\/ca\/alta-mod-de-suministro\/\"> <!-- [et_pb_line_break_holder] -->   <div class=\"cta-front\"> <!-- [et_pb_line_break_holder] -->     <h3>Sol\u00b7licitud d\u2019alta\/modificaci\u00f3 de <!\u2013- [et_pb_br_holder] -\u2013><b>instal\u00b7laci\u00f3 de baixa tensi\u00f3<\/b><\/h3> <!-- [et_pb_line_break_holder] -->   <\/div> <!-- [et_pb_line_break_holder] -->   <div class=\"cta-hover\"> <!-- [et_pb_line_break_holder] -->     <pee>Sol\u00b7licita un nou subministrament, una modificaci\u00f3 o la incorporaci\u00f3 d\u2019un carregador per a vehicle el\u00e8ctric. <\/pee> <!-- [et_pb_line_break_holder] -->   <\/div> <!-- [et_pb_line_break_holder] --><\/a>[\/et_pb_code][\/et_pb_column][et_pb_column type=\u00bb1_2&#8243; _builder_version=\u00bb4.27.4&#8243; _module_preset=\u00bbdefault\u00bb global_colors_info=\u00bb{}\u00bb][et_pb_code _builder_version=\u00bb4.27.4&#8243; _module_preset=\u00bbdefault\u00bb global_colors_info=\u00bb{}\u00bb]<a class=\"cta-card cta-white\" href=\"\/ca\/alta-autoconsumo\/\"> <!-- [et_pb_line_break_holder] -->  <div class=\"cta-front\"> <!-- [et_pb_line_break_holder] -->    <h3>Sol\u00b7licitud d\u2019alta\/modificaci\u00f3<!\u2013- [et_pb_br_holder] -\u2013>de <b>autoconsum<\/b><\/h3> <!-- [et_pb_line_break_holder] -->  <\/div> <!-- [et_pb_line_break_holder] -->  <div class=\"cta-hover\"> <!-- [et_pb_line_break_holder] -->    <pee>Sol\u00b7licitud d\u2019alta o modificaci\u00f3 d\u2019una instal\u00b7laci\u00f3 fotovoltaica d\u2019autoconsum<\/pee> <!-- [et_pb_line_break_holder] -->  <\/div> <!-- [et_pb_line_break_holder] --><\/a>[\/et_pb_code][\/et_pb_column][\/et_pb_row][\/et_pb_section]","protected":false},"excerpt":{"rendered":"<p>Tramites de instalaciones el\u00e9ctricas y fotovoltaicasNos ocupamos de toda la documentaci\u00f3n y los tr\u00e1mites para dar de alta, modificar o legalizar tu instalaci\u00f3n ante la Conselleria y la distribuidora. &nbsp;\u00bfQu\u00e9 tr\u00e1mite quieres realizar?<\/p>","protected":false},"author":1,"featured_media":0,"parent":0,"menu_order":0,"comment_status":"closed","ping_status":"closed","template":"","meta":{"_et_pb_use_builder":"on","_et_pb_old_content":"<!-- wp:divi\/placeholder \/-->","_et_gb_content_width":"","footnotes":""},"class_list":["post-3122","page","type-page","status-publish","hentry"],"_links":{"self":[{"href":"https:\/\/trelba.es\/ca\/wp-json\/wp\/v2\/pages\/3122","targetHints":{"allow":["GET"]}}],"collection":[{"href":"https:\/\/trelba.es\/ca\/wp-json\/wp\/v2\/pages"}],"about":[{"href":"https:\/\/trelba.es\/ca\/wp-json\/wp\/v2\/types\/page"}],"author":[{"embeddable":true,"href":"https:\/\/trelba.es\/ca\/wp-json\/wp\/v2\/users\/1"}],"replies":[{"embeddable":true,"href":"https:\/\/trelba.es\/ca\/wp-json\/wp\/v2\/comments?post=3122"}],"version-history":[{"count":28,"href":"https:\/\/trelba.es\/ca\/wp-json\/wp\/v2\/pages\/3122\/revisions"}],"predecessor-version":[{"id":3322,"href":"https:\/\/trelba.es\/ca\/wp-json\/wp\/v2\/pages\/3122\/revisions\/3322"}],"wp:attachment":[{"href":"https:\/\/trelba.es\/ca\/wp-json\/wp\/v2\/media?parent=3122"}],"curies":[{"name":"wp","href":"https:\/\/api.w.org\/{rel}","templated":true}]}}